{"id":14003,"date":"2021-06-28T14:45:10","date_gmt":"2021-06-28T11:45:10","guid":{"rendered":"https:\/\/www.gokozinsaat.com\/%d0%ba%d0%be%d0%bd%d1%82%d0%b0%d0%ba%d1%82\/"},"modified":"2021-07-05T11:51:47","modified_gmt":"2021-07-05T08:51:47","slug":"%d0%ba%d0%be%d0%bd%d1%82%d0%b0%d0%ba%d1%82","status":"publish","type":"page","link":"https:\/\/www.gokozinsaat.com\/ru\/%d0%ba%d0%be%d0%bd%d1%82%d0%b0%d0%ba%d1%82\/","title":{"rendered":"\u041a\u043e\u043d\u0442\u0430\u043a\u0442"},"content":{"rendered":"<div class=\"wpb-content-wrapper\">[vc_section full_width=&#187;stretch_row&#187; pix_over_visibility=&#187;&#187; css=&#187;.vc_custom_1615214627181{padding-top: 80px !important;padding-bottom: 80px !important;background-color: #ffffff !important;border-radius: 10px !important;}&#187;][vc_row equal_height=&#187;yes&#187; pix_particles_check=&#187;&#187;][vc_column width=&#187;7\/12&#8243; css=&#187;.vc_custom_1588774172995{padding-top: 30px !important;}&#187;]<div  class=\"pix-heading-el text-left  vc_custom_1625147055629\"><h4 class=\"text-gradient-primary font-weight-bold h4 animate-in heading-text el-title_custom_color mb-12\" style=\"\" data-anim-type=\"slide-in-up\" data-anim-delay=\"0\">\u0421\u0432\u044f\u0437\u0430\u0442\u044c\u0441\u044f \u0441 \u043d\u0430\u043c\u0438<\/h4><\/div>[vc_row_inner css=&#187;.vc_custom_1588775874447{padding-top: 15px !important;padding-bottom: 30px !important;}&#187;][vc_column_inner width=&#187;1\/2&#8243;]<div id=\"accordion-79d1edd481fbf3ebafa0eabad0ece919\" class=\"w-100  \" ><div class=\"py-2 \"  ><div class=\"pix-feature-list text-18  font-weight-bold     py-2 d-flex align-items-center\" ><span class=\"text-heading-default\"><a href=\"tel:+902164144545\">0216 414 45 45<\/a><\/span><\/div><div class=\"pix-feature-list text-18  font-weight-bold     py-2 d-flex align-items-center\" ><span class=\"text-heading-default\"><a href=\"mailto:gokhan@gokozinsaat.com\">gokhan@gokozinsaat.com<\/a><\/span><\/div><\/div><\/div>[\/vc_column_inner][vc_column_inner width=&#187;1\/2&#8243;]<div id=\"accordion-1d52de60220a9fd74d395f8c3ad87e2e\" class=\"w-100  \" ><div class=\"py-2 \"  ><div class=\"pix-feature-list text-18  font-weight-bold     py-2 d-flex align-items-center\" ><div class=\"d-inline-flex align-items-center pix-mr-10 text-gradient-primary\" style=\"font-size:1.2em;position:relative;line-height:1em;text-align:center;\"><svg class=\"pixfort-icon \" width=\"24\" height=\"24\"  data-name=\"Solid\/pixfort-icon-whatsapp-1\" viewBox=\"2 2 20 20\"><path fill=\"var(--pf-icon-color)\" fill-rule=\"evenodd\" d=\"M12.1620116,2 C17.5723918,2 21.9606791,6.36332006 21.9606791,11.7424467 C21.9606791,17.1217092 17.5723918,21.4847575 12.1620116,21.4847575 C10.5050773,21.4859792 8.87502715,21.0683817 7.42500694,20.2711989 L2,22 L3.76791853,16.7748617 C2.87678261,15.3060603 2.36334396,13.5820161 2.36334396,11.7424467 C2.36334396,6.36332006 6.75149463,2 12.1620116,2 Z M12.1572271,3.55075635 C7.61392392,3.55075635 3.91828661,7.22513829 3.91828661,11.7423108 C3.91828661,13.5337673 4.49939089,15.1951561 5.48744587,16.5436753 L4.46056858,19.5871536 L7.62841394,18.5808609 C8.931285,19.4331653 10.4908754,19.9340011 12.1620116,19.9340011 L12.16,19.934 L12.4087427,19.9302386 C16.7526026,19.8001163 20.2615181,16.3111324 20.3923836,11.9923726 L20.3961676,11.7423108 C20.3961676,7.22513829 16.7005303,3.55075635 12.1572271,3.55075635 Z M9.86124323,7.71170339 C9.70144297,7.33128559 9.58032832,7.31687892 9.33823571,7.30709325 C9.2463072,7.30120568 9.15422314,7.29803301 9.06210523,7.29757941 C8.74715245,7.29757941 8.41784636,7.38904821 8.2192238,7.59128532 C7.97713119,7.83687837 7.37647906,8.40988352 7.37647906,9.584979 C7.37647906,10.7600745 8.23863495,11.8965709 8.35482846,12.055588 C8.47594312,12.2143333 10.0356702,14.66075 12.4574165,15.6578007 C14.3512341,16.4379358 14.9132006,16.3656306 15.3442102,16.2741618 C15.9738424,16.139337 16.7634115,15.6768284 16.9620341,15.1183658 C17.1606566,14.5596314 17.1606566,14.082852 17.1024232,13.9817334 C17.0443264,13.8806149 16.8843895,13.8229882 16.6422969,13.7024342 C16.4002042,13.5820161 15.2230956,13.0041181 15.0002774,12.927056 C14.7822437,12.845237 14.5740523,12.8741862 14.4094676,13.1053726 C14.1769438,13.4280278 13.9493412,13.7555758 13.7652087,13.9529201 C13.6198984,14.1070443 13.3824536,14.1263438 13.1839677,14.0443889 C12.9175428,13.9337565 12.1717171,13.6734849 11.2513278,12.8596436 C10.5392666,12.2288759 10.0549447,11.4439839 9.91455555,11.2080406 C9.77402974,10.9673403 9.90006553,10.8274869 10.0113379,10.6975549 C10.1324526,10.5481876 10.2486461,10.4423121 10.3697607,10.3025946 C10.4908754,10.1630129 10.5586777,10.0907077 10.6361856,9.92693369 C10.7186147,9.76805252 10.6603812,9.60427851 10.6022845,9.48386045 C10.5441877,9.36344238 10.0598658,8.1883469 9.86124323,7.71170339 L9.86124323,7.71170339 Z\"\/><\/svg><\/div><span class=\"text-heading-default\"><a href=\"https:\/\/wa.me\/+905312231830\" target=\"_blank\">WhatsApp<\/a><\/span><\/div><div class=\"pix-feature-list text-18  font-weight-bold     py-2 d-flex align-items-center\" ><span class=\"text-heading-default\"><a href=\"https:\/\/goo.gl\/maps\/cgpheTxWRRVRjorw6\" target=\"_blank\">\u041f\u043e\u043b\u0443\u0447\u0438\u0442\u0435 \u0443\u043a\u0430\u0437\u0430\u043d\u0438\u044f<\/a><\/span><\/div><\/div><\/div>[\/vc_column_inner][\/vc_row_inner]<div class=\"overflow-hidden pix-map-out mb-2 mb-sm-0  map-md shadow-lg  vc_custom_1615214919565\" ><section class=\"pix-google-map w-100\" data-style=\"retro\" data-color=\"#1274E7\" data-saturation=\"-20\" data-brightness=\"5\" data-latitude=\"40.986497\" data-longitude=\"29.021754\" data-map-zoom=\"15\" data-marker=\"https:\/\/www.gokozinsaat.com\/wp-content\/uploads\/2021\/03\/map-2.png\"><div class=\"google-container\"><\/div><div class=\"pix-zoom-in bg-white shadow rounded text-dark-opacity-8 text-18 d-flex align-items-center justify-content-center\"><svg class=\"pixfort-icon \" width=\"24\" height=\"24\"  data-name=\"Line\/pixfort-icon-plus-circle-1\" viewBox=\"2 2 20 20\"><path fill=\"none\" stroke=\"var(--pf-icon-color)\" stroke-linecap=\"round\" stroke-linejoin=\"round\" stroke-width=\"var(--pf-icon-stroke-width)\" d=\"M12,21 C16.9705627,21 21,16.9705627 21,12 C21,7.02943725 16.9705627,3 12,3 C7.02943725,3 3,7.02943725 3,12 C3,16.9705627 7.02943725,21 12,21 Z M12,8 L12,16 M8,12 L16,12\"\/><\/svg><\/div><div class=\"pix-zoom-out bg-white mt-1 shadow rounded text-dark-opacity-8 text-18 d-flex align-items-center justify-content-center\"><svg class=\"pixfort-icon \" width=\"24\" height=\"24\"  data-name=\"Line\/pixfort-icon-minus-circle-1\" viewBox=\"2 2 20 20\"><path fill=\"none\" stroke=\"var(--pf-icon-color)\" stroke-linecap=\"round\" stroke-linejoin=\"round\" stroke-width=\"var(--pf-icon-stroke-width)\" d=\"M12,21 C16.9705627,21 21,16.9705627 21,12 C21,7.02943725 16.9705627,3 12,3 C7.02943725,3 3,7.02943725 3,12 C3,16.9705627 7.02943725,21 12,21 Z M8,12 L16,12\"\/><\/svg><\/div><address class=\"bg-white rounded-lg text-body-default font-weight-bold shadow-inverse\">Cafera\u011fa, M\u00fch\u00fcrdar Cd. 101\/B, 34710 Kad\u0131k\u00f6y\/\u0130stanbul<\/address><\/section><\/div>[\/vc_column][vc_column width=&#187;5\/12&#8243;]<div class=\"pix-content-box card vc_custom_1588773345952    rounded-10 shadow-lg animate-in w-100\" data-anim-type=\"fade-in-up\" data-anim-delay=\"0\"><div  style=\"z-index:30;position:relative;\"><div  class=\"pix-heading-el text-left  vc_custom_1625147095048\"><h4 class=\"text-gradient-primary font-weight-bold h4 animate-in heading-text el-title_custom_color mb-12\" style=\"\" data-anim-type=\"slide-in-up\" data-anim-delay=\"0\">\u0417\u0430\u0434\u0430\u0439\u0442\u0435 \u0432\u043e\u043f\u0440\u043e\u0441<\/h4><\/div><div class=\"pix-el-text w-100   vc_custom_1625147127661\" ><p class=\"text-18  text-body-default  \" >\u0417\u0430\u043f\u043e\u043b\u043d\u0438\u0442\u0435 \u0444\u043e\u0440\u043c\u0443, \u0438 \u043c\u044b \u043f\u0435\u0440\u0435\u0437\u0432\u043e\u043d\u0438\u043c \u0432\u0430\u043c \u0432 \u0431\u043b\u0438\u0436\u0430\u0439\u0448\u0435\u0435 \u0432\u0440\u0435\u043c\u044f. <\/p><\/div>\n<div class=\"wpcf7 no-js\" id=\"wpcf7-f14050-o1\" lang=\"ru-RU\" dir=\"ltr\" data-wpcf7-id=\"14050\">\n<div class=\"screen-reader-response\"><p role=\"status\" aria-live=\"polite\" aria-atomic=\"true\"><\/p> <ul><\/ul><\/div>\n<form action=\"\/ru\/wp-json\/wp\/v2\/pages\/14003#wpcf7-f14050-o1\" method=\"post\" class=\"wpcf7-form init\" aria-label=\"\u041a\u043e\u043d\u0442\u0430\u043a\u0442\u043d\u0430\u044f \u0444\u043e\u0440\u043c\u0430\" novalidate=\"novalidate\" data-status=\"init\">\n<fieldset class=\"hidden-fields-container\"><input type=\"hidden\" name=\"_wpcf7\" value=\"14050\" \/><input type=\"hidden\" name=\"_wpcf7_version\" value=\"6.1.5\" \/><input type=\"hidden\" name=\"_wpcf7_locale\" value=\"ru_RU\" \/><input type=\"hidden\" name=\"_wpcf7_unit_tag\" value=\"wpcf7-f14050-o1\" \/><input type=\"hidden\" name=\"_wpcf7_container_post\" value=\"0\" \/><input type=\"hidden\" name=\"_wpcf7_posted_data_hash\" value=\"\" \/><input type=\"hidden\" name=\"_wpcf7_recaptcha_response\" value=\"\" \/>\n<\/fieldset>\n<div class=\"pix-contact7-form\"><div class=\"row\">\n\t<div class=\"col-md-12\">\n\t\t<p><label class=\"w-100\">\u0422\u0432\u043e\u0435 \u0438\u043c\u044f<br \/>\n<span class=\"wpcf7-form-control-wrap\" data-name=\"your-name\"><input size=\"40\" maxlength=\"400\" class=\"wpcf7-form-control wpcf7-text wpcf7-validates-as-required pix-my-5 form-control bg-gray-1 shadow-0\" aria-required=\"true\" aria-invalid=\"false\" placeholder=\"\u0422\u0432\u043e\u0435 \u0438\u043c\u044f\" value=\"\" type=\"text\" name=\"your-name\" \/><\/span><\/label>\n\t\t<\/p>\n\t<\/div>\n\t<div class=\"col-md-6\">\n\t\t<p><label class=\"w-100\">\u042d\u043b. \u0430\u0434\u0440\u0435\u0441<br \/>\n<span class=\"wpcf7-form-control-wrap\" data-name=\"your-email\"><input size=\"40\" maxlength=\"400\" class=\"wpcf7-form-control wpcf7-email wpcf7-validates-as-required wpcf7-text wpcf7-validates-as-email pix-my-5 form-control bg-gray-1 shadow-0\" aria-required=\"true\" aria-invalid=\"false\" placeholder=\"eposta@adresi\" value=\"\" type=\"email\" name=\"your-email\" \/><\/span><\/label>\n\t\t<\/p>\n\t<\/div>\n\t<div class=\"col-md-6\">\n\t\t<p><label class=\"w-100\">\u0422\u0435\u043b\u0435\u0444\u043e\u043d<span class=\"wpcf7-form-control-wrap\" data-name=\"tel\"><input size=\"40\" maxlength=\"400\" class=\"wpcf7-form-control wpcf7-tel wpcf7-validates-as-required wpcf7-text wpcf7-validates-as-tel pix-mt-5 form-control bg-gray-1 shadow-0\" aria-required=\"true\" aria-invalid=\"false\" placeholder=\"05...\" value=\"\" type=\"tel\" name=\"tel\" \/><\/span> <\/label>\n\t\t<\/p>\n\t<\/div>\n<\/div>\n<p><label class=\"w-100\">\u0422\u0432\u043e\u0435 \u0441\u043e\u043e\u0431\u0449\u0435\u043d\u0438\u0435<span class=\"wpcf7-form-control-wrap\" data-name=\"your-message\"><textarea cols=\"40\" rows=\"4\" maxlength=\"2000\" class=\"wpcf7-form-control wpcf7-textarea pix-my-5 form-control bg-gray-1 shadow-0\" aria-invalid=\"false\" placeholder=\"\u0422\u0432\u043e\u0435 \u0441\u043e\u043e\u0431\u0449\u0435\u043d\u0438\u0435\" name=\"your-message\"><\/textarea><\/span> <\/label>\n<\/p>\n<p><input class=\"wpcf7-form-control wpcf7-submit has-spinner btn btn-gradient-primary text-white w-100 pix-mt-10 font-weight-bold btn-lg secondary-font\" type=\"submit\" value=\"\u041e\u0422\u041f\u0420\u0410\u0412\u0418\u0422\u042c\" \/>\n<\/p><\/div><div class=\"wpcf7-response-output\" aria-hidden=\"true\"><\/div>\n<\/form>\n<\/div>\n<\/div><\/div>[\/vc_column][\/vc_row][\/vc_section]<\/div>","protected":false},"excerpt":{"rendered":"[vc_section full_width=&#187;stretch_row&#187; pix_over_visibility=&#187;&#187; css=&#187;.vc_custom_1615214627181{padding-top: 80px !important;padding-bottom: 80px !important;background-color: #ffffff !important;border-radius: 10px !important;}&#187;][vc_row equal_height=&#187;yes&#187; pix_particles_check=&#187;&#187;][vc_column width=&#187;7\/12&#8243; css=&#187;.vc_custom_1588774172995{padding-top: 30px !important;}&#187;][vc_row_inner css=&#187;.vc_custom_1588775874447{padding-top: 15px !important;padding-bottom: 30px !important;}&#187;][vc_column_inner width=&#187;1\/2&#8243;][\/vc_column_inner][vc_column_inner width=&#187;1\/2&#8243;][\/vc_column_inner][\/vc_row_inner][\/vc_column][vc_column width=&#187;5\/12&#8243;][\/vc_column][\/vc_row][\/vc_section]","protected":false},"author":248218,"featured_media":0,"parent":0,"menu_order":0,"comment_status":"closed","ping_status":"closed","template":"","meta":{"footnotes":""},"class_list":["post-14003","page","type-page","status-publish","hentry"],"_links":{"self":[{"href":"https:\/\/www.gokozinsaat.com\/ru\/wp-json\/wp\/v2\/pages\/14003","targetHints":{"allow":["GET"]}}],"collection":[{"href":"https:\/\/www.gokozinsaat.com\/ru\/wp-json\/wp\/v2\/pages"}],"about":[{"href":"https:\/\/www.gokozinsaat.com\/ru\/wp-json\/wp\/v2\/types\/page"}],"author":[{"embeddable":true,"href":"https:\/\/www.gokozinsaat.com\/ru\/wp-json\/wp\/v2\/users\/248218"}],"replies":[{"embeddable":true,"href":"https:\/\/www.gokozinsaat.com\/ru\/wp-json\/wp\/v2\/comments?post=14003"}],"version-history":[{"count":7,"href":"https:\/\/www.gokozinsaat.com\/ru\/wp-json\/wp\/v2\/pages\/14003\/revisions"}],"predecessor-version":[{"id":14095,"href":"https:\/\/www.gokozinsaat.com\/ru\/wp-json\/wp\/v2\/pages\/14003\/revisions\/14095"}],"wp:attachment":[{"href":"https:\/\/www.gokozinsaat.com\/ru\/wp-json\/wp\/v2\/media?parent=14003"}],"curies":[{"name":"wp","href":"https:\/\/api.w.org\/{rel}","templated":true}]}}